{"id":23,"date":"2024-02-06T12:21:36","date_gmt":"2024-02-06T11:21:36","guid":{"rendered":"https:\/\/cmasn.es\/?page_id=23"},"modified":"2024-02-26T11:50:57","modified_gmt":"2024-02-26T10:50:57","slug":"otra-informacion-de-interes","status":"publish","type":"page","link":"https:\/\/cmasn.es\/en\/otra-informacion-de-interes\/","title":{"rendered":"Otra informaci\u00f3n de inter\u00e9s"},"content":{"rendered":"<p>[et_pb_section fb_built=\u00bb1&#8243; _builder_version=\u00bb4.23.4&#8243; _module_preset=\u00bbdefault\u00bb width=\u00bb100%\u00bb max_width=\u00bb1920px\u00bb module_alignment=\u00bbcenter\u00bb custom_padding=\u00bb0px||||false|false\u00bb locked=\u00bboff\u00bb global_colors_info=\u00bb{}\u00bb][et_pb_row use_custom_gutter=\u00bbon\u00bb gutter_width=\u00bb1&#8243; make_equal=\u00bbon\u00bb _builder_version=\u00bb4.23.4&#8243; _module_preset=\u00bbdefault\u00bb width=\u00bb90%\u00bb max_width=\u00bb1600px\u00bb module_alignment=\u00bbcenter\u00bb global_colors_info=\u00bb{}\u00bb][et_pb_column type=\u00bb4_4&#8243; _builder_version=\u00bb4.23.4&#8243; _module_preset=\u00bbdefault\u00bb z_index=\u00bb9&#8243; global_colors_info=\u00bb{}\u00bb][et_pb_text _builder_version=\u00bb4.23.4&#8243; _module_preset=\u00bbdefault\u00bb header_font=\u00bbCalibri||||||||\u00bb header_text_color=\u00bb#406f40&#8243; header_font_size=\u00bb52px\u00bb header_2_font=\u00bbCalibri||||||||\u00bb header_2_text_color=\u00bb#406f40&#8243; header_2_font_size=\u00bb52px\u00bb background_enable_color=\u00bboff\u00bb custom_margin=\u00bb||35px||false|false\u00bb header_font_size_tablet=\u00bb45px\u00bb header_font_size_phone=\u00bb40px\u00bb header_font_size_last_edited=\u00bbon|tablet\u00bb header_2_font_size_tablet=\u00bb45px\u00bb header_2_font_size_phone=\u00bb40px\u00bb header_2_font_size_last_edited=\u00bbon|tablet\u00bb locked=\u00bboff\u00bb global_colors_info=\u00bb{}\u00bb]<\/p>\n<h1><span style=\"font-size: 32px; line-height: 32px;\">Otra informaci\u00f3n<\/span><br \/><strong>De inter\u00e9s<\/strong><\/h1>\n<p>[\/et_pb_text][dgbm_blog_module type=\u00bb3&#8243; include_categories=\u00bb1&#8243; title_tag=\u00bbh3&#8243; show_categories=\u00bboff\u00bb show_author=\u00bboff\u00bb show_date=\u00bboff\u00bb show_more=\u00bbon\u00bb read_more_text=\u00bbLeer m\u00e1s\u00bb space_between=\u00bb50px\u00bb equal_height=\u00bbon\u00bb image_margin=\u00bb||35px||false|false\u00bb text_margin=\u00bb15px||25px||false|false\u00bb _builder_version=\u00bb4.23.4&#8243; _module_preset=\u00bbdefault\u00bb title_font=\u00bbOpen Sans|300||on|||||\u00bb title_text_color=\u00bb#000000&#8243; title_font_size=\u00bb28px\u00bb title_line_height=\u00bb1.2em\u00bb content_font=\u00bbCalibri||||||||\u00bb content_text_color=\u00bb#000000&#8243; content_font_size=\u00bb24px\u00bb content_line_height=\u00bb1.2em\u00bb read_more_font=\u00bbCalibri|700|||||||\u00bb read_more_text_color=\u00bb#406f40&#8243; read_more_font_size=\u00bb24px\u00bb title_font_size_tablet=\u00bb24px\u00bb title_font_size_phone=\u00bb24px\u00bb title_font_size_last_edited=\u00bbon|tablet\u00bb content_font_size_tablet=\u00bb22px\u00bb content_font_size_phone=\u00bb22px\u00bb content_font_size_last_edited=\u00bbon|tablet\u00bb locked=\u00bboff\u00bb global_colors_info=\u00bb{}\u00bb][\/dgbm_blog_module][et_pb_image src=\u00bbhttps:\/\/cmasn.es\/wp-content\/uploads\/2024\/02\/Rectangle-2.png\u00bb title_text=\u00bbRectangle 2&#8243; align=\u00bbright\u00bb _builder_version=\u00bb4.23.4&#8243; _module_preset=\u00bbdefault\u00bb positioning=\u00bbabsolute\u00bb position_origin_a=\u00bbtop_right\u00bb vertical_offset=\u00bb-10%\u00bb horizontal_offset=\u00bb-10%\u00bb z_index=\u00bb0&#8243; vertical_offset_tablet=\u00bb-10%\u00bb vertical_offset_phone=\u00bb-20px\u00bb vertical_offset_last_edited=\u00bbon|phone\u00bb horizontal_offset_tablet=\u00bb-10%\u00bb horizontal_offset_phone=\u00bb-10%\u00bb horizontal_offset_last_edited=\u00bbon|phone\u00bb width=\u00bb100%\u00bb width_tablet=\u00bb100%\u00bb width_phone=\u00bb120px\u00bb width_last_edited=\u00bbon|phone\u00bb locked=\u00bboff\u00bb global_colors_info=\u00bb{}\u00bb][\/et_pb_image][\/et_pb_column][\/et_pb_row][\/et_pb_section]<\/p>","protected":false},"excerpt":{"rendered":"<p>Otra informaci\u00f3nDe inter\u00e9s<div class=\"et_pb_module dgbm_blog_module dgbm_blog_module_0\">\n\t\t\t\t\n\t\t\t\t\n\t\t\t\t\n\t\t\t\t\n\t\t\t\t\n\t\t\t\t\n\t\t\t\t<div class=\"et_pb_module_inner\">\n\t\t\t\t\t<div class=\"dg-blog-module equal-hieght\">\r\n\t\t\t\t\t\t\t<div class=\"dg-blog-inner-wrapper column-3 column-tablet-2 column-mobile-1 image-top\">\r\n\t\t\t\t\t\t\t\t<div class=\"et_pb_ajax_pagination_container\">\r\n\t\t\t\t\t\t\t\t\t<div class=\"dg-blog-grid\" >                <article id=\"post-252\" class=\"dgbm_post_item v2 post-252 post type-post status-publish format-standard has-post-thumbnail hentry category-noticias\" >\r\n                    <div class=\"dg-post-thumb\" > <a class=\"featured-image-link\"  href=\"https:\/\/cmasn.es\/en\/inauguramos-web\/\"><img loading=\"lazy\" decoding=\"async\" src=\"https:\/\/cmasn.es\/wp-content\/uploads\/2024\/02\/Capalada-web-400x250.jpg\" alt=\"Inauguramos web!\" class=\"\" srcset=\"https:\/\/cmasn.es\/wp-content\/uploads\/2024\/02\/Capalada-web.jpg 479w, https:\/\/cmasn.es\/wp-content\/uploads\/2024\/02\/Capalada-web-400x250.jpg 480w \" sizes=\"auto, (max-width:479px) 479px, 100vw \"  width=\"400\" height=\"250\" \/><\/a><\/div>                                            <div class=\"content-wrapper\">\r\n\t\t\t\t\t\t                             <h3 class=\"dg_bm_title\"><a href=\"https:\/\/cmasn.es\/en\/inauguramos-web\/\">Inauguramos web!<\/a><\/h3>                                                        <div class=\"post-content\"><p>Bienvenidos a nuestra nueva web! &nbsp;<\/p>\n<\/div>                            <div class=\"dg_read_more_wrapper\"><a class=\"read-more\" href=\"https:\/\/cmasn.es\/en\/inauguramos-web\/\" ><span>Leer m\u00e1s<\/span><\/a><\/div>                            \r\n                        <\/div>\r\n                                    <\/article>\r\n                <\/div><div class=\"pagination clearfix\">\n\t<div class=\"alignleft\"><\/div>\n\t<div class=\"alignright\"><\/div>\n<\/div> \r\n\t\t\t\t\t\t\t\t<\/div>\r\n\t\t\t\t\t\t\t<\/div>\r\n                        <\/div>\n\t\t\t\t<\/div>\n\t\t\t<\/div><\/p>","protected":false},"author":2,"featured_media":0,"parent":0,"menu_order":0,"comment_status":"closed","ping_status":"closed","template":"","meta":{"_et_pb_use_builder":"on","_et_pb_old_content":"","_et_gb_content_width":"","footnotes":""},"class_list":["post-23","page","type-page","status-publish","hentry"],"yoast_head":"<!-- This site is optimized with the Yoast SEO plugin v21.9.1 - https:\/\/yoast.com\/wordpress\/plugins\/seo\/ -->\n<title>Otra informaci\u00f3n de inter\u00e9s - Capalada Naranco Servicios<\/title>\n<meta name=\"robots\" content=\"index, follow, max-snippet:-1, max-image-preview:large, max-video-preview:-1\" \/>\n<link rel=\"canonical\" href=\"https:\/\/cmasn.es\/en\/otra-informacion-de-interes\/\" \/>\n<meta property=\"og:locale\" content=\"en_US\" \/>\n<meta property=\"og:type\" content=\"article\" \/>\n<meta property=\"og:title\" content=\"Otra informaci\u00f3n de inter\u00e9s - Capalada Naranco Servicios\" \/>\n<meta property=\"og:description\" content=\"Otra informaci\u00f3nDe inter\u00e9s\" \/>\n<meta property=\"og:url\" content=\"https:\/\/cmasn.es\/en\/otra-informacion-de-interes\/\" \/>\n<meta property=\"og:site_name\" content=\"Capalada Naranco Servicios\" \/>\n<meta property=\"article:modified_time\" content=\"2024-02-26T10:50:57+00:00\" \/>\n<meta name=\"twitter:card\" content=\"summary_large_image\" \/>\n<meta name=\"twitter:label1\" content=\"Est. reading time\" \/>\n\t<meta name=\"twitter:data1\" content=\"2 minutes\" \/>\n<script type=\"application\/ld+json\" class=\"yoast-schema-graph\">{\"@context\":\"https:\/\/schema.org\",\"@graph\":[{\"@type\":\"WebPage\",\"@id\":\"https:\/\/cmasn.es\/otra-informacion-de-interes\/\",\"url\":\"https:\/\/cmasn.es\/otra-informacion-de-interes\/\",\"name\":\"Otra informaci\u00f3n de inter\u00e9s - Capalada Naranco Servicios\",\"isPartOf\":{\"@id\":\"https:\/\/cmasn.es\/#website\"},\"datePublished\":\"2024-02-06T11:21:36+00:00\",\"dateModified\":\"2024-02-26T10:50:57+00:00\",\"breadcrumb\":{\"@id\":\"https:\/\/cmasn.es\/otra-informacion-de-interes\/#breadcrumb\"},\"inLanguage\":\"en-US\",\"potentialAction\":[{\"@type\":\"ReadAction\",\"target\":[\"https:\/\/cmasn.es\/otra-informacion-de-interes\/\"]}]},{\"@type\":\"BreadcrumbList\",\"@id\":\"https:\/\/cmasn.es\/otra-informacion-de-interes\/#breadcrumb\",\"itemListElement\":[{\"@type\":\"ListItem\",\"position\":1,\"name\":\"Portada\",\"item\":\"https:\/\/cmasn.es\/\"},{\"@type\":\"ListItem\",\"position\":2,\"name\":\"Otra informaci\u00f3n de inter\u00e9s\"}]},{\"@type\":\"WebSite\",\"@id\":\"https:\/\/cmasn.es\/#website\",\"url\":\"https:\/\/cmasn.es\/\",\"name\":\"Capalada Naranco Servicios\",\"description\":\"\",\"potentialAction\":[{\"@type\":\"SearchAction\",\"target\":{\"@type\":\"EntryPoint\",\"urlTemplate\":\"https:\/\/cmasn.es\/?s={search_term_string}\"},\"query-input\":\"required name=search_term_string\"}],\"inLanguage\":\"en-US\"}]}<\/script>\n<!-- \/ Yoast SEO plugin. -->","yoast_head_json":{"title":"Otra informaci\u00f3n de inter\u00e9s - Capalada Naranco Servicios","robots":{"index":"index","follow":"follow","max-snippet":"max-snippet:-1","max-image-preview":"max-image-preview:large","max-video-preview":"max-video-preview:-1"},"canonical":"https:\/\/cmasn.es\/en\/otra-informacion-de-interes\/","og_locale":"en_US","og_type":"article","og_title":"Otra informaci\u00f3n de inter\u00e9s - Capalada Naranco Servicios","og_description":"Otra informaci\u00f3nDe inter\u00e9s","og_url":"https:\/\/cmasn.es\/en\/otra-informacion-de-interes\/","og_site_name":"Capalada Naranco Servicios","article_modified_time":"2024-02-26T10:50:57+00:00","twitter_card":"summary_large_image","twitter_misc":{"Est. reading time":"2 minutes"},"schema":{"@context":"https:\/\/schema.org","@graph":[{"@type":"WebPage","@id":"https:\/\/cmasn.es\/otra-informacion-de-interes\/","url":"https:\/\/cmasn.es\/otra-informacion-de-interes\/","name":"Otra informaci\u00f3n de inter\u00e9s - Capalada Naranco Servicios","isPartOf":{"@id":"https:\/\/cmasn.es\/#website"},"datePublished":"2024-02-06T11:21:36+00:00","dateModified":"2024-02-26T10:50:57+00:00","breadcrumb":{"@id":"https:\/\/cmasn.es\/otra-informacion-de-interes\/#breadcrumb"},"inLanguage":"en-US","potentialAction":[{"@type":"ReadAction","target":["https:\/\/cmasn.es\/otra-informacion-de-interes\/"]}]},{"@type":"BreadcrumbList","@id":"https:\/\/cmasn.es\/otra-informacion-de-interes\/#breadcrumb","itemListElement":[{"@type":"ListItem","position":1,"name":"Portada","item":"https:\/\/cmasn.es\/"},{"@type":"ListItem","position":2,"name":"Otra informaci\u00f3n de inter\u00e9s"}]},{"@type":"WebSite","@id":"https:\/\/cmasn.es\/#website","url":"https:\/\/cmasn.es\/","name":"Capalada Naranco Servicios","description":"","potentialAction":[{"@type":"SearchAction","target":{"@type":"EntryPoint","urlTemplate":"https:\/\/cmasn.es\/?s={search_term_string}"},"query-input":"required name=search_term_string"}],"inLanguage":"en-US"}]}},"_links":{"self":[{"href":"https:\/\/cmasn.es\/en\/wp-json\/wp\/v2\/pages\/23","targetHints":{"allow":["GET"]}}],"collection":[{"href":"https:\/\/cmasn.es\/en\/wp-json\/wp\/v2\/pages"}],"about":[{"href":"https:\/\/cmasn.es\/en\/wp-json\/wp\/v2\/types\/page"}],"author":[{"embeddable":true,"href":"https:\/\/cmasn.es\/en\/wp-json\/wp\/v2\/users\/2"}],"replies":[{"embeddable":true,"href":"https:\/\/cmasn.es\/en\/wp-json\/wp\/v2\/comments?post=23"}],"version-history":[{"count":10,"href":"https:\/\/cmasn.es\/en\/wp-json\/wp\/v2\/pages\/23\/revisions"}],"predecessor-version":[{"id":595,"href":"https:\/\/cmasn.es\/en\/wp-json\/wp\/v2\/pages\/23\/revisions\/595"}],"wp:attachment":[{"href":"https:\/\/cmasn.es\/en\/wp-json\/wp\/v2\/media?parent=23"}],"curies":[{"name":"wp","href":"https:\/\/api.w.org\/{rel}","templated":true}]}}