{"id":21,"date":"2024-02-06T12:21:20","date_gmt":"2024-02-06T11:21:20","guid":{"rendered":"https:\/\/cmasn.es\/?page_id=21"},"modified":"2024-02-14T10:22:45","modified_gmt":"2024-02-14T09:22:45","slug":"proyectos","status":"publish","type":"page","link":"https:\/\/cmasn.es\/en\/proyectos\/","title":{"rendered":"Proyectos"},"content":{"rendered":"<p>[et_pb_section fb_built=\u00bb1&#8243; custom_padding_last_edited=\u00bbon|tablet\u00bb _builder_version=\u00bb4.23.4&#8243; _module_preset=\u00bbdefault\u00bb width=\u00bb100%\u00bb max_width=\u00bb1920px\u00bb module_alignment=\u00bbcenter\u00bb custom_padding=\u00bb0px||100px||false|false\u00bb custom_padding_tablet=\u00bb0px||100px||false|false\u00bb custom_padding_phone=\u00bb0px||50px||false|false\u00bb locked=\u00bboff\u00bb global_colors_info=\u00bb{}\u00bb][et_pb_row column_structure=\u00bb1_4,3_4&#8243; use_custom_gutter=\u00bbon\u00bb gutter_width=\u00bb1&#8243; make_equal=\u00bbon\u00bb _builder_version=\u00bb4.23.4&#8243; _module_preset=\u00bbdefault\u00bb width=\u00bb90%\u00bb max_width=\u00bb1600px\u00bb module_alignment=\u00bbcenter\u00bb hover_enabled=\u00bb0&#8243; global_colors_info=\u00bb{}\u00bb sticky_enabled=\u00bb0&#8243;][et_pb_column type=\u00bb1_4&#8243; _builder_version=\u00bb4.23.4&#8243; _module_preset=\u00bbdefault\u00bb z_index=\u00bb0&#8243; hover_enabled=\u00bb0&#8243; global_colors_info=\u00bb{}\u00bb sticky_enabled=\u00bb0&#8243;][et_pb_text _builder_version=\u00bb4.23.4&#8243; _module_preset=\u00bbdefault\u00bb header_font=\u00bbCalibri||||||||\u00bb header_text_color=\u00bb#406f40&#8243; header_font_size=\u00bb52px\u00bb header_2_font=\u00bbCalibri||||||||\u00bb header_2_text_color=\u00bb#406f40&#8243; header_2_font_size=\u00bb52px\u00bb header_font_size_tablet=\u00bb45px\u00bb header_font_size_phone=\u00bb40px\u00bb header_font_size_last_edited=\u00bbon|tablet\u00bb header_2_font_size_tablet=\u00bb45px\u00bb header_2_font_size_phone=\u00bb40px\u00bb header_2_font_size_last_edited=\u00bbon|tablet\u00bb locked=\u00bboff\u00bb global_colors_info=\u00bb{}\u00bb]<\/p>\n<h1><span style=\"font-size: 32px; line-height: 32px;\">Nuestros<\/span><br \/>\n<strong>Proyectos<\/strong><\/h1>\n<p>[\/et_pb_text][et_pb_image src=\u00bbhttps:\/\/cmasn.es\/wp-content\/uploads\/2024\/02\/Rectangle-3.png\u00bb title_text=\u00bbRectangle 3&#8243; _builder_version=\u00bb4.23.4&#8243; _module_preset=\u00bbdefault\u00bb positioning=\u00bbrelative\u00bb vertical_offset=\u00bb80px\u00bb horizontal_offset=\u00bb16%\u00bb z_index=\u00bb0&#8243; width_tablet=\u00bb200px\u00bb width_phone=\u00bb200px\u00bb width_last_edited=\u00bbon|tablet\u00bb hover_enabled=\u00bb0&#8243; global_colors_info=\u00bb{}\u00bb custom_css_main_element_last_edited=\u00bbon|tablet\u00bb custom_css_main_element_tablet=\u00bbdisplay:none\u00bb custom_css_main_element_phone=\u00bbdisplay:none\u00bb sticky_enabled=\u00bb0&#8243;][\/et_pb_image][\/et_pb_column][et_pb_column type=\u00bb3_4&#8243; _builder_version=\u00bb4.23.4&#8243; _module_preset=\u00bbdefault\u00bb z_index=\u00bb99&#8243; hover_enabled=\u00bb0&#8243; global_colors_info=\u00bb{}\u00bb sticky_enabled=\u00bb0&#8243;][et_pb_post_slider posts_number=\u00bb1&#8243; include_categories=\u00bb4&#8243; more_text=\u00bbM\u00c1S INFO\u00bb use_manual_excerpt=\u00bboff\u00bb excerpt_length=\u00bb190&#8243; show_meta=\u00bboff\u00bb image_placement=\u00bbleft\u00bb use_bg_overlay=\u00bboff\u00bb use_text_overlay=\u00bboff\u00bb arrows_custom_color=\u00bb#406f40&#8243; dot_nav_custom_color=\u00bb#406f40&#8243; module_id=\u00bbslider-proyectos\u00bb _builder_version=\u00bb4.23.4&#8243; _module_preset=\u00bbdefault\u00bb header_level=\u00bbh3&#8243; header_font=\u00bbOpen Sans|||on|||||\u00bb header_text_color=\u00bb#000000&#8243; header_font_size=\u00bb38px\u00bb body_font=\u00bbCalibri||||||||\u00bb body_text_color=\u00bb#000000&#8243; body_font_size=\u00bb24px\u00bb body_line_height=\u00bb34px\u00bb background_color=\u00bb#FFFFFF\u00bb custom_button=\u00bbon\u00bb button_text_size=\u00bb18px\u00bb button_text_color=\u00bb#FFFFFF\u00bb button_bg_color=\u00bb#406f40&#8243; button_border_width=\u00bb0px\u00bb button_border_radius=\u00bb0px\u00bb button_font=\u00bbOpen Sans||||||||\u00bb button_use_icon=\u00bboff\u00bb button_custom_padding=\u00bb10px|50px|10px|50px|true|true\u00bb z_index=\u00bb0&#8243; custom_margin=\u00bb40px||||false|false\u00bb custom_padding=\u00bb0px||0px||false|false\u00bb header_text_align_tablet=\u00bb\u00bb header_text_align_phone=\u00bbleft\u00bb header_text_align_last_edited=\u00bbon|phone\u00bb header_font_size_tablet=\u00bb27px\u00bb header_font_size_phone=\u00bb27px\u00bb header_font_size_last_edited=\u00bbon|tablet\u00bb body_text_align_tablet=\u00bb\u00bb body_text_align_phone=\u00bbleft\u00bb body_text_align_last_edited=\u00bbon|phone\u00bb body_font_size_tablet=\u00bb22px\u00bb body_font_size_phone=\u00bb22px\u00bb body_font_size_last_edited=\u00bbon|tablet\u00bb body_line_height_tablet=\u00bb30px\u00bb body_line_height_phone=\u00bb30px\u00bb body_line_height_last_edited=\u00bbon|tablet\u00bb button_alignment_tablet=\u00bb\u00bb button_alignment_phone=\u00bbleft\u00bb button_alignment_last_edited=\u00bbon|phone\u00bb custom_css_free_form=\u00bbselector .et_pb_slide{||  padding:0!important;||}||#slider-proyectos{||  overflow:visible!important;||}||#slider-proyectos .et_pb_slide_title a, #slider-proyectos .et_pb_slide_content p{||  font-weight: 400!important;||    text-shadow: none!important;||}||#slider-proyectos .et_pb_slide_content{||  margin-top:35px;||  margin-bottom:50px||}||selector .et_pb_slides .et_pb_slider_container_inner {||    display: flex;||    width: 100%;||    vertical-align: middle;||    flex-wrap: wrap;||}||selector .et_pb_slide_image{|| width: 60%;||    margin-top: 0!important;||    top: 0;||    position: relative;||  margin:0!important;||}||selector .et_pb_slide_image img{||  min-width:100%;||  max-height:none!important;||}||selector .et_pb_slide_description{||  width: 40%;||    float: none;||    margin: 0;||    position: relative;||    display: flex;||    flex-direction: column;||    justify-content: flex-end;||    padding-left: 5%;||}||selector .et-pb-slider-arrows{||  position: absolute;||    bottom: -60px;||    left: calc(60% &#8211; 120px);||    height: 48px!important;||    width: 120px;||    z-index: 99999;||}||selector .et-pb-arrow-prev{||  left: 0;||    bottom: 0;||    opacity: 1;||    height: 48px;||    width: 48px;||}||selector .et-pb-arrow-next{||  left: 70px;||    bottom: 0;||    opacity: 1;||    height: 48px;||    width: 48px;||}||selector .et-pb-controllers {||    position: absolute;||    bottom: -70px;||    left: 10%;||    width: auto;||    text-align: center;||    z-index: 10;||}||.et-pb-controllers a {||    width: 10px;||    height: 10px;||   ||}||@media(max-width:979px){||  selector .et_pb_slide_image{|| width: 55%;||}||selector .et_pb_slide_description{||  width: 45%||}||  selector .et-pb-slider-arrows{||      left: calc(55% &#8211; 120px);||}||}||  @media(max-width:767px){||      selector .et_pb_slide_image{||     width: 100%;||    }||    selector .et_pb_slide_description{||      width: 100%;||    }||      selector .et-pb-slider-arrows{||          left: calc(55% &#8211; 120px);||    }||    selector .et_pb_slide_description{||      padding:80px 0 0!important;||    }||    selector .et-pb-slider-arrows{||      width:100%;||      left:0;||      display:flex!important;||      flex-wrap:wrap;||      justify-content:center;||      }||    .et-pb-arrow-next, .et-pb-arrow-prev {||    position: static;||      margin-top:0!important;||    }||    selector .et-pb-controllers{||      display:none||    }||}\u00bb global_colors_info=\u00bb{}\u00bb][\/et_pb_post_slider][et_pb_image src=\u00bbhttps:\/\/cmasn.es\/wp-content\/uploads\/2024\/02\/Rectangle-3.png\u00bb title_text=\u00bbRectangle 3&#8243; disabled_on=\u00bboff|off|on\u00bb _builder_version=\u00bb4.23.4&#8243; _module_preset=\u00bbdefault\u00bb positioning=\u00bbabsolute\u00bb vertical_offset=\u00bb180px\u00bb horizontal_offset=\u00bb-40px\u00bb z_index=\u00bb0&#8243; vertical_offset_tablet=\u00bb180px\u00bb vertical_offset_phone=\u00bb180px\u00bb vertical_offset_last_edited=\u00bbon|phone\u00bb width_tablet=\u00bb180px\u00bb width_phone=\u00bb140px\u00bb width_last_edited=\u00bbon|tablet\u00bb hover_enabled=\u00bb0&#8243; locked=\u00bboff\u00bb global_colors_info=\u00bb{}\u00bb custom_css_main_element_last_edited=\u00bbon|tablet\u00bb sticky_enabled=\u00bb0&#8243;][\/et_pb_image][\/et_pb_column][\/et_pb_row][\/et_pb_section][et_pb_section fb_built=\u00bb1&#8243; _builder_version=\u00bb4.23.4&#8243; _module_preset=\u00bbdefault\u00bb width=\u00bb100%\u00bb max_width=\u00bb1920px\u00bb module_alignment=\u00bbcenter\u00bb custom_padding=\u00bb0px||||false|false\u00bb locked=\u00bboff\u00bb global_colors_info=\u00bb{}\u00bb][et_pb_row use_custom_gutter=\u00bbon\u00bb gutter_width=\u00bb1&#8243; make_equal=\u00bbon\u00bb _builder_version=\u00bb4.23.4&#8243; _module_preset=\u00bbdefault\u00bb width=\u00bb90%\u00bb max_width=\u00bb1600px\u00bb module_alignment=\u00bbcenter\u00bb global_colors_info=\u00bb{}\u00bb][et_pb_column type=\u00bb4_4&#8243; _builder_version=\u00bb4.23.4&#8243; _module_preset=\u00bbdefault\u00bb z_index=\u00bb9&#8243; global_colors_info=\u00bb{}\u00bb][dgbm_blog_module posts_number=\u00bb99&#8243; type=\u00bb3&#8243; include_categories=\u00bb4&#8243; offset_number=\u00bb1&#8243; title_tag=\u00bbh3&#8243; show_categories=\u00bboff\u00bb show_author=\u00bboff\u00bb show_date=\u00bboff\u00bb show_pagination=\u00bboff\u00bb show_more=\u00bbon\u00bb read_more_text=\u00bbLeer m\u00e1s\u00bb item_in_desktop=\u00bb2&#8243; space_between=\u00bb50px\u00bb equal_height=\u00bbon\u00bb image_size=\u00bbdefault_image\u00bb image_margin=\u00bb||35px||false|false\u00bb text_margin=\u00bb15px||25px||false|false\u00bb _builder_version=\u00bb4.23.4&#8243; _module_preset=\u00bbdefault\u00bb title_font=\u00bbOpen Sans|300||on|||||\u00bb title_text_color=\u00bb#000000&#8243; title_font_size=\u00bb28px\u00bb title_line_height=\u00bb1.2em\u00bb content_font=\u00bbCalibri||||||||\u00bb content_text_color=\u00bb#000000&#8243; content_font_size=\u00bb24px\u00bb content_line_height=\u00bb1.2em\u00bb read_more_font=\u00bbCalibri|700|||||||\u00bb read_more_text_color=\u00bb#406f40&#8243; read_more_font_size=\u00bb24px\u00bb title_font_size_tablet=\u00bb24px\u00bb title_font_size_phone=\u00bb24px\u00bb title_font_size_last_edited=\u00bbon|tablet\u00bb content_font_size_tablet=\u00bb22px\u00bb content_font_size_phone=\u00bb22px\u00bb content_font_size_last_edited=\u00bbon|tablet\u00bb global_colors_info=\u00bb{}\u00bb][\/dgbm_blog_module][\/et_pb_column][\/et_pb_row][\/et_pb_section]<\/p>","protected":false},"excerpt":{"rendered":"<p>Nuestros Proyectos<div class=\"et_pb_module dgbm_blog_module dgbm_blog_module_0\">\n\t\t\t\t\n\t\t\t\t\n\t\t\t\t\n\t\t\t\t\n\t\t\t\t\n\t\t\t\t\n\t\t\t\t<div class=\"et_pb_module_inner\">\n\t\t\t\t\t<div class=\"dg-blog-module equal-hieght\">\r\n\t\t\t\t\t\t\t<div class=\"dg-blog-inner-wrapper column-2 column-tablet-2 column-mobile-1 image-top\">\r\n\t\t\t\t\t\t\t\t<div class=\"et_pb_ajax_pagination_container\">\r\n\t\t\t\t\t\t\t\t\t<div class=\"dg-blog-grid\" >                <article id=\"post-63\" class=\"dgbm_post_item v2 post-63 post type-post status-publish format-standard has-post-thumbnail hentry category-proyectos\" >\r\n                    <div class=\"dg-post-thumb\" > <a class=\"featured-image-link\"  href=\"https:\/\/cmasn.es\/en\/moves-singulares-ii\/\"><img decoding=\"async\" src=\"https:\/\/cmasn.es\/wp-content\/uploads\/2024\/02\/Electro-As-Pontes.jpg\" alt='Moves singulares II' \/><\/a><\/div>                                            <div class=\"content-wrapper\">\r\n\t\t\t\t\t\t                             <h3 class=\"dg_bm_title\"><a href=\"https:\/\/cmasn.es\/en\/moves-singulares-ii\/\">Moves singulares II<\/a><\/h3>                                                        <div class=\"post-content\"><p>El car\u00e1cter innovador de la empresa forma parte intr\u00ednseca de su ADN. As\u00ed, en noviembre de 2022 present\u00f3 tres...<\/p>\n<\/div>                            <div class=\"dg_read_more_wrapper\"><a class=\"read-more\" href=\"https:\/\/cmasn.es\/en\/moves-singulares-ii\/\" ><span>Leer m\u00e1s<\/span><\/a><\/div>                            \r\n                        <\/div>\r\n                                    <\/article>\r\n                                <article id=\"post-64\" class=\"dgbm_post_item v2 post-64 post type-post status-publish format-standard has-post-thumbnail hentry category-proyectos\" >\r\n                    <div class=\"dg-post-thumb\" > <a class=\"featured-image-link\"  href=\"https:\/\/cmasn.es\/en\/compra-publica-innovadora-mitma\/\"><img decoding=\"async\" src=\"https:\/\/cmasn.es\/wp-content\/uploads\/2024\/02\/DarkLuz.jpg\" alt='Compra p\u00fablica innovadora MITMA' \/><\/a><\/div>                                            <div class=\"content-wrapper\">\r\n\t\t\t\t\t\t                             <h3 class=\"dg_bm_title\"><a href=\"https:\/\/cmasn.es\/en\/compra-publica-innovadora-mitma\/\">Compra p\u00fablica innovadora MITMA<\/a><\/h3>                                                        <div class=\"post-content\"><p>El 6 de diciembre de 2022 la empresa materializa su participaci\u00f3n en la 1a Consulta preliminar al mercado en el marco...<\/p>\n<\/div>                            <div class=\"dg_read_more_wrapper\"><a class=\"read-more\" href=\"https:\/\/cmasn.es\/en\/compra-publica-innovadora-mitma\/\" ><span>Leer m\u00e1s<\/span><\/a><\/div>                            \r\n                        <\/div>\r\n                                    <\/article>\r\n                <\/div> \r\n\t\t\t\t\t\t\t\t<\/div>\r\n\t\t\t\t\t\t\t<\/div>\r\n                        <\/div>\n\t\t\t\t<\/div>\n\t\t\t<\/div><\/p>","protected":false},"author":2,"featured_media":0,"parent":0,"menu_order":0,"comment_status":"closed","ping_status":"closed","template":"","meta":{"_et_pb_use_builder":"on","_et_pb_old_content":"","_et_gb_content_width":"","footnotes":""},"class_list":["post-21","page","type-page","status-publish","hentry"],"yoast_head":"<!-- This site is optimized with the Yoast SEO plugin v21.9.1 - https:\/\/yoast.com\/wordpress\/plugins\/seo\/ -->\n<title>Central hidroel\u00e9ctrica reversible-Capalada Naranco Servicios<\/title>\n<meta name=\"description\" content=\"C+n naci\u00f3 a finales de 2020 con el objetivo de participar en el tr\u00e1mite para la concesi\u00f3n de una central hidroel\u00e9ctrica reversible en Asturias.\" \/>\n<meta name=\"robots\" content=\"index, follow, max-snippet:-1, max-image-preview:large, max-video-preview:-1\" \/>\n<link rel=\"canonical\" href=\"https:\/\/cmasn.es\/en\/proyectos\/\" \/>\n<meta property=\"og:locale\" content=\"en_US\" \/>\n<meta property=\"og:type\" content=\"article\" \/>\n<meta property=\"og:title\" content=\"Central hidroel\u00e9ctrica reversible-Capalada Naranco Servicios\" \/>\n<meta property=\"og:description\" content=\"C+n naci\u00f3 a finales de 2020 con el objetivo de participar en el tr\u00e1mite para la concesi\u00f3n de una central hidroel\u00e9ctrica reversible en Asturias.\" \/>\n<meta property=\"og:url\" content=\"https:\/\/cmasn.es\/en\/proyectos\/\" \/>\n<meta property=\"og:site_name\" content=\"Capalada Naranco Servicios\" \/>\n<meta property=\"article:modified_time\" content=\"2024-02-14T09:22:45+00:00\" \/>\n<meta name=\"twitter:card\" content=\"summary_large_image\" \/>\n<meta name=\"twitter:label1\" content=\"Est. reading time\" \/>\n\t<meta name=\"twitter:data1\" content=\"2 minutes\" \/>\n<script type=\"application\/ld+json\" class=\"yoast-schema-graph\">{\"@context\":\"https:\/\/schema.org\",\"@graph\":[{\"@type\":\"WebPage\",\"@id\":\"https:\/\/cmasn.es\/proyectos\/\",\"url\":\"https:\/\/cmasn.es\/proyectos\/\",\"name\":\"Central hidroel\u00e9ctrica reversible-Capalada Naranco Servicios\",\"isPartOf\":{\"@id\":\"https:\/\/cmasn.es\/#website\"},\"datePublished\":\"2024-02-06T11:21:20+00:00\",\"dateModified\":\"2024-02-14T09:22:45+00:00\",\"description\":\"C+n naci\u00f3 a finales de 2020 con el objetivo de participar en el tr\u00e1mite para la concesi\u00f3n de una central hidroel\u00e9ctrica reversible en Asturias.\",\"breadcrumb\":{\"@id\":\"https:\/\/cmasn.es\/proyectos\/#breadcrumb\"},\"inLanguage\":\"en-US\",\"potentialAction\":[{\"@type\":\"ReadAction\",\"target\":[\"https:\/\/cmasn.es\/proyectos\/\"]}]},{\"@type\":\"BreadcrumbList\",\"@id\":\"https:\/\/cmasn.es\/proyectos\/#breadcrumb\",\"itemListElement\":[{\"@type\":\"ListItem\",\"position\":1,\"name\":\"Portada\",\"item\":\"https:\/\/cmasn.es\/\"},{\"@type\":\"ListItem\",\"position\":2,\"name\":\"Proyectos\"}]},{\"@type\":\"WebSite\",\"@id\":\"https:\/\/cmasn.es\/#website\",\"url\":\"https:\/\/cmasn.es\/\",\"name\":\"Capalada Naranco Servicios\",\"description\":\"\",\"potentialAction\":[{\"@type\":\"SearchAction\",\"target\":{\"@type\":\"EntryPoint\",\"urlTemplate\":\"https:\/\/cmasn.es\/?s={search_term_string}\"},\"query-input\":\"required name=search_term_string\"}],\"inLanguage\":\"en-US\"}]}<\/script>\n<!-- \/ Yoast SEO plugin. -->","yoast_head_json":{"title":"Central hidroel\u00e9ctrica reversible-Capalada Naranco Servicios","description":"C+n naci\u00f3 a finales de 2020 con el objetivo de participar en el tr\u00e1mite para la concesi\u00f3n de una central hidroel\u00e9ctrica reversible en Asturias.","robots":{"index":"index","follow":"follow","max-snippet":"max-snippet:-1","max-image-preview":"max-image-preview:large","max-video-preview":"max-video-preview:-1"},"canonical":"https:\/\/cmasn.es\/en\/proyectos\/","og_locale":"en_US","og_type":"article","og_title":"Central hidroel\u00e9ctrica reversible-Capalada Naranco Servicios","og_description":"C+n naci\u00f3 a finales de 2020 con el objetivo de participar en el tr\u00e1mite para la concesi\u00f3n de una central hidroel\u00e9ctrica reversible en Asturias.","og_url":"https:\/\/cmasn.es\/en\/proyectos\/","og_site_name":"Capalada Naranco Servicios","article_modified_time":"2024-02-14T09:22:45+00:00","twitter_card":"summary_large_image","twitter_misc":{"Est. reading time":"2 minutes"},"schema":{"@context":"https:\/\/schema.org","@graph":[{"@type":"WebPage","@id":"https:\/\/cmasn.es\/proyectos\/","url":"https:\/\/cmasn.es\/proyectos\/","name":"Central hidroel\u00e9ctrica reversible-Capalada Naranco Servicios","isPartOf":{"@id":"https:\/\/cmasn.es\/#website"},"datePublished":"2024-02-06T11:21:20+00:00","dateModified":"2024-02-14T09:22:45+00:00","description":"C+n naci\u00f3 a finales de 2020 con el objetivo de participar en el tr\u00e1mite para la concesi\u00f3n de una central hidroel\u00e9ctrica reversible en Asturias.","breadcrumb":{"@id":"https:\/\/cmasn.es\/proyectos\/#breadcrumb"},"inLanguage":"en-US","potentialAction":[{"@type":"ReadAction","target":["https:\/\/cmasn.es\/proyectos\/"]}]},{"@type":"BreadcrumbList","@id":"https:\/\/cmasn.es\/proyectos\/#breadcrumb","itemListElement":[{"@type":"ListItem","position":1,"name":"Portada","item":"https:\/\/cmasn.es\/"},{"@type":"ListItem","position":2,"name":"Proyectos"}]},{"@type":"WebSite","@id":"https:\/\/cmasn.es\/#website","url":"https:\/\/cmasn.es\/","name":"Capalada Naranco Servicios","description":"","potentialAction":[{"@type":"SearchAction","target":{"@type":"EntryPoint","urlTemplate":"https:\/\/cmasn.es\/?s={search_term_string}"},"query-input":"required name=search_term_string"}],"inLanguage":"en-US"}]}},"_links":{"self":[{"href":"https:\/\/cmasn.es\/en\/wp-json\/wp\/v2\/pages\/21","targetHints":{"allow":["GET"]}}],"collection":[{"href":"https:\/\/cmasn.es\/en\/wp-json\/wp\/v2\/pages"}],"about":[{"href":"https:\/\/cmasn.es\/en\/wp-json\/wp\/v2\/types\/page"}],"author":[{"embeddable":true,"href":"https:\/\/cmasn.es\/en\/wp-json\/wp\/v2\/users\/2"}],"replies":[{"embeddable":true,"href":"https:\/\/cmasn.es\/en\/wp-json\/wp\/v2\/comments?post=21"}],"version-history":[{"count":7,"href":"https:\/\/cmasn.es\/en\/wp-json\/wp\/v2\/pages\/21\/revisions"}],"predecessor-version":[{"id":562,"href":"https:\/\/cmasn.es\/en\/wp-json\/wp\/v2\/pages\/21\/revisions\/562"}],"wp:attachment":[{"href":"https:\/\/cmasn.es\/en\/wp-json\/wp\/v2\/media?parent=21"}],"curies":[{"name":"wp","href":"https:\/\/api.w.org\/{rel}","templated":true}]}}